{"id":143,"date":"2013-12-08T11:31:01","date_gmt":"2013-12-08T11:31:01","guid":{"rendered":"http:\/\/www.tama-scandinavia.se\/dk\/?page_id=143"},"modified":"2021-08-02T12:43:37","modified_gmt":"2021-08-02T10:43:37","slug":"virksomheden","status":"publish","type":"page","link":"https:\/\/www.tama-scandinavia.se\/dk\/virksomheden\/","title":{"rendered":"Virksomheden"},"content":{"rendered":"<p>Virksomheden tilbyder sine kunder et bredt sortiment af ballepresningsprodukter i topkvalitet. Den overordnede m\u00e5ls\u00e6tning er gennem et solidt forhandlernetv\u00e6rk at forsyne landm\u00e6nd og maskinstationer med ballepresningsprodukter, der passer som h\u00e5nd i handske til deres behov. Virksomheden fokuserer samtidig p\u00e5 at yde optimal service og st\u00f8tte. Tamas unikke produkter er resultatet af omfattende produktudvikling, r\u00e5varer i topkvalitet og sund \u00f8konomisk sans.<br \/>\nDe mest kendte af Tamas varem\u00e6rker er TamaNet Edge to Edge<sup>\u00ae<\/sup>, Pro-Tec, Tama Marathon\u00ae og Tama Twine.<\/p>\n<p>Kontakt os endelig, hvis du gerne vil have mere at vide.<\/p>\n","protected":false},"excerpt":{"rendered":"<p>Virksomheden tilbyder sine kunder et bredt sortiment af ballepresningsprodukter i topkvalitet. Den overordnede m\u00e5ls\u00e6tning er gennem et solidt forhandlernetv\u00e6rk at&hellip; <a href=\"https:\/\/www.tama-scandinavia.se\/dk\/virksomheden\/\" class=\"readMore\" title=\"Virksomheden\">L\u00e6s mere<\/a><\/p>\n","protected":false},"author":3,"featured_media":144,"parent":0,"menu_order":0,"comment_status":"open","ping_status":"open","template":"page-Corporate.php","meta":{"footnotes":""},"class_list":["post-143","page","type-page","status-publish","has-post-thumbnail","hentry"],"aioseo_notices":[],"_links":{"self":[{"href":"https:\/\/www.tama-scandinavia.se\/dk\/wp-json\/wp\/v2\/pages\/143","targetHints":{"allow":["GET"]}}],"collection":[{"href":"https:\/\/www.tama-scandinavia.se\/dk\/wp-json\/wp\/v2\/pages"}],"about":[{"href":"https:\/\/www.tama-scandinavia.se\/dk\/wp-json\/wp\/v2\/types\/page"}],"author":[{"embeddable":true,"href":"https:\/\/www.tama-scandinavia.se\/dk\/wp-json\/wp\/v2\/users\/3"}],"replies":[{"embeddable":true,"href":"https:\/\/www.tama-scandinavia.se\/dk\/wp-json\/wp\/v2\/comments?post=143"}],"version-history":[{"count":6,"href":"https:\/\/www.tama-scandinavia.se\/dk\/wp-json\/wp\/v2\/pages\/143\/revisions"}],"predecessor-version":[{"id":1277,"href":"https:\/\/www.tama-scandinavia.se\/dk\/wp-json\/wp\/v2\/pages\/143\/revisions\/1277"}],"wp:featuredmedia":[{"embeddable":true,"href":"https:\/\/www.tama-scandinavia.se\/dk\/wp-json\/wp\/v2\/media\/144"}],"wp:attachment":[{"href":"https:\/\/www.tama-scandinavia.se\/dk\/wp-json\/wp\/v2\/media?parent=143"}],"curies":[{"name":"wp","href":"https:\/\/api.w.org\/{rel}","templated":true}]}}