{"id":1490,"date":"2024-11-12T15:34:54","date_gmt":"2024-11-12T14:34:54","guid":{"rendered":"https:\/\/www.tama-scandinavia.se\/dk\/?page_id=1490"},"modified":"2026-02-18T09:54:43","modified_gmt":"2026-02-18T08:54:43","slug":"supermaskinstation","status":"publish","type":"page","link":"https:\/\/www.tama-scandinavia.se\/dk\/supermaskinstation\/","title":{"rendered":"Supermaskinstation"},"content":{"rendered":"\n<p><strong>Med 20 ballepressere er Brdr. Thorsen en af de f\u00f8rende maskinstationer i Danmark. I denne nye videoserie f\u00f8lger vi dem gennem hele s\u00e6sonen og h\u00f8rer dem dele det, der er n\u00f8glerne til at blive en Supermaskinstation.<\/strong><em><br><br>Hvert \u00e5r producerer de mere end 100.000 baller med Tamas pressegarn og rundballenet. I l\u00f8bet af 8 afsnit l\u00e6rer seeren, hvordan Thorsen udviklede sin virksomhed, hvad de mener er vigtigt for at f\u00e5 succes, og hvordan de ser p\u00e5 ballepresning i fremtiden.<\/em><br><\/p>\n\n\n\n\n","protected":false},"excerpt":{"rendered":"<p>Med 20 ballepressere er Brdr. Thorsen en af de f\u00f8rende maskinstationer i Danmark. I denne nye videoserie f\u00f8lger vi dem&hellip; <a href=\"https:\/\/www.tama-scandinavia.se\/dk\/supermaskinstation\/\" class=\"readMore\" title=\"Supermaskinstation\">L\u00e6s mere<\/a><\/p>\n","protected":false},"author":1,"featured_media":1509,"parent":0,"menu_order":0,"comment_status":"closed","ping_status":"closed","template":"page-influencer_webpage.php","meta":{"footnotes":""},"class_list":["post-1490","page","type-page","status-publish","has-post-thumbnail","hentry"],"aioseo_notices":[],"_links":{"self":[{"href":"https:\/\/www.tama-scandinavia.se\/dk\/wp-json\/wp\/v2\/pages\/1490","targetHints":{"allow":["GET"]}}],"collection":[{"href":"https:\/\/www.tama-scandinavia.se\/dk\/wp-json\/wp\/v2\/pages"}],"about":[{"href":"https:\/\/www.tama-scandinavia.se\/dk\/wp-json\/wp\/v2\/types\/page"}],"author":[{"embeddable":true,"href":"https:\/\/www.tama-scandinavia.se\/dk\/wp-json\/wp\/v2\/users\/1"}],"replies":[{"embeddable":true,"href":"https:\/\/www.tama-scandinavia.se\/dk\/wp-json\/wp\/v2\/comments?post=1490"}],"version-history":[{"count":23,"href":"https:\/\/www.tama-scandinavia.se\/dk\/wp-json\/wp\/v2\/pages\/1490\/revisions"}],"predecessor-version":[{"id":1558,"href":"https:\/\/www.tama-scandinavia.se\/dk\/wp-json\/wp\/v2\/pages\/1490\/revisions\/1558"}],"wp:featuredmedia":[{"embeddable":true,"href":"https:\/\/www.tama-scandinavia.se\/dk\/wp-json\/wp\/v2\/media\/1509"}],"wp:attachment":[{"href":"https:\/\/www.tama-scandinavia.se\/dk\/wp-json\/wp\/v2\/media?parent=1490"}],"curies":[{"name":"wp","href":"https:\/\/api.w.org\/{rel}","templated":true}]}}