{"id":2,"date":"2013-12-02T07:59:20","date_gmt":"2013-12-02T07:59:20","guid":{"rendered":"http:\/\/www.tama-scandinavia.se\/dk\/?page_id=2"},"modified":"2026-02-18T09:53:16","modified_gmt":"2026-02-18T08:53:16","slug":"kontakt-os","status":"publish","type":"page","link":"https:\/\/www.tama-scandinavia.se\/dk\/kontakt-os\/","title":{"rendered":"Kontakt os"},"content":{"rendered":"<p><strong>Tama Scandinavia AB<\/strong>Fack 5008<br>448 51 Tollered<br>Bes\u00f6ksadress N\u00e4\u00e4s Fabriker<a title=\"Tama Scandinavia AB\" href=\"https:\/\/www.tama-scandinavia.se\" target=\"_blank\">www.tama-scandinavia.se<\/a>tel: <a href=\"tel:0317109280\" title=\"Tama Scandinavia Tel.\">031-7109280<\/a>Fax. 031-7109289<\/p>\n<table style=\"height: 239px; width: 113.77%;\" border=\"0\">\n<thead>\n<tr style=\"height: 24px;\">\n<td style=\"text-align: center; height: 24px; width: 180px;\">Namn<\/td>\n<td style=\"text-align: center; height: 24px; width: 203px;\">Roll<\/td>\n<td style=\"text-align: center; height: 24px; width: 101px;\">Direktnummer<\/td>\n<td style=\"text-align: center; height: 24px; width: 130px;\">Mobilnummer<\/td>\n<td style=\"text-align: center; height: 24px; width: 14px;\">Epost<\/td>\n<\/tr>\n<\/thead>\n<tbody>\n<tr style=\"height: 29px;\">\n<td style=\"text-align: left; height: 29px; width: 180px;\"><strong>Petri Hannukainen<\/strong><\/td>\n<td style=\"text-align: left; height: 29px; width: 203px;\">Business Manager<\/td>\n<td style=\"text-align: left; height: 29px; width: 101px;\">031-7109285<\/td>\n<td style=\"text-align: left; height: 29px; width: 130px;\">0708-347862<\/td>\n<td style=\"text-align: left; height: 29px; width: 14px;\"><script>hideaddy('Petri.Hannukainen', 'tama-scandinavia.se?Subject=H\u00e4lsningar', 'Petri Hannukainen', 'Kontakta');<\/script><\/td>\n<\/tr>\n<tr style=\"height: 29px;\">\n<td style=\"text-align: left; height: 29px; width: 180px;\"><strong>Henrik Larsson<\/strong><\/td>\n<td style=\"text-align: left; height: 29px; width: 203px;\">F\u00f6rs\u00e4ljningschef Sverige<\/td>\n<td style=\"text-align: left; height: 29px; width: 101px;\">031-7109281<\/td>\n<td style=\"text-align: left; height: 29px; width: 130px;\">0708-347800<\/td>\n<td style=\"text-align: left; height: 29px; width: 14px;\"><script>hideaddy('Henrik.Larsson', 'tama-scandinavia.se?Subject=H\u00e4lsningar', 'Henrik Larsson', 'Kontakta');<\/script><\/td>\n<\/tr>\n<tr style=\"height: 48px;\">\n<td style=\"text-align: left; height: 48px; width: 180px;\"><strong>Jan Br\u00e4nnk\u00e4rr<\/strong><\/td>\n<td style=\"text-align: left; height: 48px; width: 203px;\">F\u00f6rs\u00e4ljningschef Finland\/Norge<\/td>\n<td style=\"text-align: left; height: 48px; width: 101px;\">031-7109287<\/td>\n<td style=\"text-align: left; height: 48px; width: 130px;\">0708-347802<br \/>\n+358 40 125 1066<\/td>\n<td style=\"text-align: left; height: 48px; width: 14px;\"><script>hideaddy('Jan.Brannkarr', 'tama-scandinavia.se?Subject=H\u00e4lsningar', 'Jan Br\u00e4nnk\u00e4rr', 'Kontakta');<\/script><\/td>\n<\/tr>\n<tr style=\"height: 29px;\">\n<td style=\"text-align: left; height: 29px; width: 180px;\"><strong>Viktoria Carlstr\u00f6mer<\/strong><\/td>\n<td style=\"text-align: left; height: 29px; width: 203px;\">S\u00e4lj- &amp; Logistikkoordinator<\/td>\n<td style=\"text-align: left; height: 29px; width: 101px;\">031-7109286<\/td>\n<td style=\"text-align: left; height: 29px; width: 130px;\">0708-347803<\/td>\n<td style=\"text-align: left; height: 29px; width: 14px;\"><script>hideaddy('Viktoria.Carlstromer', 'tama-scandinavia.se?Subject=H\u00e4lsningar', 'Viktoria Carlstr\u00f6mer', 'Kontakta');<\/script><\/td>\n<\/tr>\n<tr style=\"height: 29px;\">\n<td style=\"text-align: left; height: 29px; width: 180px;\"><strong>Anki<\/strong><\/td>\n<td style=\"text-align: left; height: 29px; width: 203px;\">Finans- &amp; HR-Manager<\/td>\n<td style=\"text-align: left; height: 29px; width: 101px;\">031-7109284<\/td>\n<td style=\"text-align: left; height: 29px; width: 130px;\">0721-872169<\/td>\n<td style=\"text-align: left; height: 29px; width: 14px;\"><script>hideaddy('Ann-Kristin', 'tama-scandinavia.se?Subject=H\u00e4lsningar', 'Anki', 'Kontakta');<\/script><\/td>\n<\/tr>\n<tr style=\"height: 29px;\">\n<td style=\"text-align: left; height: 29px; width: 180px;\"><strong>David Johansson<\/strong><\/td>\n<td style=\"text-align: left; height: 29px; width: 203px;\">Marknadskoordinator<\/td>\n<td style=\"text-align: left; height: 29px; width: 101px;\">031-7109283<\/td>\n<td style=\"text-align: left; height: 29px; width: 130px;\">0708-347809<\/td>\n<td style=\"text-align: left; height: 29px; width: 14px;\"><script>hideaddy('David.Johansson', 'tama-scandinavia.se?Subject=H\u00e4lsningar', 'David Johansson', 'Kontakta');<\/script><\/td>\n<\/tr>\n<tr style=\"height: 29px;\">\n<td style=\"text-align: left; height: 29px; width: 180px;\"><strong>Maritha Kling<\/strong><\/td>\n<td style=\"text-align: left; height: 29px; width: 203px;\">Ekonom<\/td>\n<td style=\"text-align: left; height: 29px; width: 101px;\">031-7109282<\/td>\n<td style=\"text-align: left; height: 29px; width: 130px;\">0708-347834<\/td>\n<td style=\"text-align: left; height: 29px; width: 14px;\"><script>hideaddy('Maritha.Kling', 'tama-scandinavia.se?Subject=H\u00e4lsningar', 'Maritha Kling', 'Kontakta');<\/script><\/td>\n<\/tr>\n<\/tbody>\n<\/table>\n","protected":false},"excerpt":{"rendered":"<p>Tama Scandinavia ABFack 5008448 51 TolleredBes\u00f6ksadress N\u00e4\u00e4s Fabrikerwww.tama-scandinavia.setel: 031-7109280Fax. 031-7109289 Namn Roll Direktnummer Mobilnummer Epost Petri Hannukainen Business Manager 031-7109285&hellip; <a href=\"https:\/\/www.tama-scandinavia.se\/dk\/kontakt-os\/\" class=\"readMore\" title=\"Kontakt os\">L\u00e6s mere<\/a><\/p>\n","protected":false},"author":3,"featured_media":14,"parent":0,"menu_order":0,"comment_status":"open","ping_status":"open","template":"contact-us.php","meta":{"footnotes":""},"class_list":["post-2","page","type-page","status-publish","has-post-thumbnail","hentry"],"aioseo_notices":[],"_links":{"self":[{"href":"https:\/\/www.tama-scandinavia.se\/dk\/wp-json\/wp\/v2\/pages\/2","targetHints":{"allow":["GET"]}}],"collection":[{"href":"https:\/\/www.tama-scandinavia.se\/dk\/wp-json\/wp\/v2\/pages"}],"about":[{"href":"https:\/\/www.tama-scandinavia.se\/dk\/wp-json\/wp\/v2\/types\/page"}],"author":[{"embeddable":true,"href":"https:\/\/www.tama-scandinavia.se\/dk\/wp-json\/wp\/v2\/users\/3"}],"replies":[{"embeddable":true,"href":"https:\/\/www.tama-scandinavia.se\/dk\/wp-json\/wp\/v2\/comments?post=2"}],"version-history":[{"count":28,"href":"https:\/\/www.tama-scandinavia.se\/dk\/wp-json\/wp\/v2\/pages\/2\/revisions"}],"predecessor-version":[{"id":1593,"href":"https:\/\/www.tama-scandinavia.se\/dk\/wp-json\/wp\/v2\/pages\/2\/revisions\/1593"}],"wp:featuredmedia":[{"embeddable":true,"href":"https:\/\/www.tama-scandinavia.se\/dk\/wp-json\/wp\/v2\/media\/14"}],"wp:attachment":[{"href":"https:\/\/www.tama-scandinavia.se\/dk\/wp-json\/wp\/v2\/media?parent=2"}],"curies":[{"name":"wp","href":"https:\/\/api.w.org\/{rel}","templated":true}]}}