{"id":215,"date":"2013-12-08T14:47:15","date_gmt":"2013-12-08T14:47:15","guid":{"rendered":"http:\/\/www.tama-scandinavia.se\/dk\/?page_id=215"},"modified":"2020-06-08T10:14:56","modified_gmt":"2020-06-08T08:14:56","slug":"oversigt","status":"publish","type":"page","link":"https:\/\/www.tama-scandinavia.se\/dk\/oversigt\/","title":{"rendered":"Oversigt"},"content":{"rendered":"<p>Virksomheden Tama blev stiftet for mere end 70 \u00e5r siden af kibbutzerne Mishmar Ha&#8217;Emek og Gal&#8217;ed. Siden da er Tama vokset og har udviklet sig, uden at slippe sine r\u00f8dder i kernen af et aktivt landbrugssamfund. Den dynamiske kombination af moderne landbrugsmetoder, frontteknologiske produktionsmetoder og landm\u00e6ndenes traditionelle v\u00e6rdis\u00e6t har gjort Tama til en velrenommeret virksomhed, der i nutiden besk\u00e6ftiger over 1700 medarbejdere p\u00e5 verdensplan.<\/p>\n","protected":false},"excerpt":{"rendered":"<p>Virksomheden Tama blev stiftet for mere end 70 \u00e5r siden af kibbutzerne Mishmar Ha&#8217;Emek og Gal&#8217;ed. Siden da er Tama&hellip; <a href=\"https:\/\/www.tama-scandinavia.se\/dk\/oversigt\/\" class=\"readMore\" title=\"Oversigt\">L\u00e6s mere<\/a><\/p>\n","protected":false},"author":3,"featured_media":216,"parent":0,"menu_order":0,"comment_status":"open","ping_status":"open","template":"","meta":{"footnotes":""},"class_list":["post-215","page","type-page","status-publish","has-post-thumbnail","hentry"],"aioseo_notices":[],"_links":{"self":[{"href":"https:\/\/www.tama-scandinavia.se\/dk\/wp-json\/wp\/v2\/pages\/215","targetHints":{"allow":["GET"]}}],"collection":[{"href":"https:\/\/www.tama-scandinavia.se\/dk\/wp-json\/wp\/v2\/pages"}],"about":[{"href":"https:\/\/www.tama-scandinavia.se\/dk\/wp-json\/wp\/v2\/types\/page"}],"author":[{"embeddable":true,"href":"https:\/\/www.tama-scandinavia.se\/dk\/wp-json\/wp\/v2\/users\/3"}],"replies":[{"embeddable":true,"href":"https:\/\/www.tama-scandinavia.se\/dk\/wp-json\/wp\/v2\/comments?post=215"}],"version-history":[{"count":4,"href":"https:\/\/www.tama-scandinavia.se\/dk\/wp-json\/wp\/v2\/pages\/215\/revisions"}],"predecessor-version":[{"id":1183,"href":"https:\/\/www.tama-scandinavia.se\/dk\/wp-json\/wp\/v2\/pages\/215\/revisions\/1183"}],"wp:featuredmedia":[{"embeddable":true,"href":"https:\/\/www.tama-scandinavia.se\/dk\/wp-json\/wp\/v2\/media\/216"}],"wp:attachment":[{"href":"https:\/\/www.tama-scandinavia.se\/dk\/wp-json\/wp\/v2\/media?parent=215"}],"curies":[{"name":"wp","href":"https:\/\/api.w.org\/{rel}","templated":true}]}}