{"id":234,"date":"2013-12-09T07:55:55","date_gmt":"2013-12-09T07:55:55","guid":{"rendered":"http:\/\/www.tama-scandinavia.se\/dk\/?page_id=234"},"modified":"2014-03-25T07:54:24","modified_gmt":"2014-03-25T07:54:24","slug":"landbrug","status":"publish","type":"page","link":"https:\/\/www.tama-scandinavia.se\/dk\/landbrug\/","title":{"rendered":"Landbrug"},"content":{"rendered":"<p>Klik p\u00e5 billederne for at f\u00e5 et indblik i livet p\u00e5 vores g\u00e5rd.<\/p>\n","protected":false},"excerpt":{"rendered":"<p>Klik p\u00e5 billederne for at f\u00e5 et indblik i livet p\u00e5 vores g\u00e5rd.<\/p>\n","protected":false},"author":3,"featured_media":235,"parent":0,"menu_order":0,"comment_status":"open","ping_status":"open","template":"page-Activities.php","meta":{"footnotes":""},"class_list":["post-234","page","type-page","status-publish","has-post-thumbnail","hentry"],"aioseo_notices":[],"_links":{"self":[{"href":"https:\/\/www.tama-scandinavia.se\/dk\/wp-json\/wp\/v2\/pages\/234","targetHints":{"allow":["GET"]}}],"collection":[{"href":"https:\/\/www.tama-scandinavia.se\/dk\/wp-json\/wp\/v2\/pages"}],"about":[{"href":"https:\/\/www.tama-scandinavia.se\/dk\/wp-json\/wp\/v2\/types\/page"}],"author":[{"embeddable":true,"href":"https:\/\/www.tama-scandinavia.se\/dk\/wp-json\/wp\/v2\/users\/3"}],"replies":[{"embeddable":true,"href":"https:\/\/www.tama-scandinavia.se\/dk\/wp-json\/wp\/v2\/comments?post=234"}],"version-history":[{"count":3,"href":"https:\/\/www.tama-scandinavia.se\/dk\/wp-json\/wp\/v2\/pages\/234\/revisions"}],"predecessor-version":[{"id":733,"href":"https:\/\/www.tama-scandinavia.se\/dk\/wp-json\/wp\/v2\/pages\/234\/revisions\/733"}],"wp:featuredmedia":[{"embeddable":true,"href":"https:\/\/www.tama-scandinavia.se\/dk\/wp-json\/wp\/v2\/media\/235"}],"wp:attachment":[{"href":"https:\/\/www.tama-scandinavia.se\/dk\/wp-json\/wp\/v2\/media?parent=234"}],"curies":[{"name":"wp","href":"https:\/\/api.w.org\/{rel}","templated":true}]}}