{"id":38,"date":"2013-12-05T13:44:48","date_gmt":"2013-12-05T13:44:48","guid":{"rendered":"http:\/\/www.tama-scandinavia.se\/dk\/?page_id=38"},"modified":"2014-09-23T15:31:28","modified_gmt":"2014-09-23T13:31:28","slug":"oem-relationer","status":"publish","type":"page","link":"https:\/\/www.tama-scandinavia.se\/dk\/oem-relationer\/","title":{"rendered":"OEM-relationer"},"content":{"rendered":"<p>I \u00e5renes l\u00f8b har Tama udviklet sig til den naturlige partner for de fleste producenter af originaludstyr (OEM = original equipment manufacturer).<br \/>\nSamarbejdet giver sig til kende i udvikling af maskiner og emballager, produktgodkendelser samt markedsf\u00f8ringen af vores produkter.<br \/>\nDette t\u00e6tte parl\u00f8b har l\u00e6rt os hos Tama at tilpasse vores produkter p\u00e5 optimal vis til vores kunders behov.<br \/>\nEt godt eksempel p\u00e5 dette er det yderst vellykkede samarbejdet med John Deere gennem nu syv \u00e5r, der har f\u00f8rt til introduktion af ballepressen og rundballenettet CoverEdge\u2122.<\/p>\n","protected":false},"excerpt":{"rendered":"<p>I \u00e5renes l\u00f8b har Tama udviklet sig til den naturlige partner for de fleste producenter af originaludstyr (OEM = original&hellip; <a href=\"https:\/\/www.tama-scandinavia.se\/dk\/oem-relationer\/\" class=\"readMore\" title=\"OEM-relationer\">L\u00e6s mere<\/a><\/p>\n","protected":false},"author":3,"featured_media":815,"parent":0,"menu_order":0,"comment_status":"open","ping_status":"closed","template":"page-Oem.php","meta":{"footnotes":""},"class_list":["post-38","page","type-page","status-publish","has-post-thumbnail","hentry"],"aioseo_notices":[],"_links":{"self":[{"href":"https:\/\/www.tama-scandinavia.se\/dk\/wp-json\/wp\/v2\/pages\/38","targetHints":{"allow":["GET"]}}],"collection":[{"href":"https:\/\/www.tama-scandinavia.se\/dk\/wp-json\/wp\/v2\/pages"}],"about":[{"href":"https:\/\/www.tama-scandinavia.se\/dk\/wp-json\/wp\/v2\/types\/page"}],"author":[{"embeddable":true,"href":"https:\/\/www.tama-scandinavia.se\/dk\/wp-json\/wp\/v2\/users\/3"}],"replies":[{"embeddable":true,"href":"https:\/\/www.tama-scandinavia.se\/dk\/wp-json\/wp\/v2\/comments?post=38"}],"version-history":[{"count":6,"href":"https:\/\/www.tama-scandinavia.se\/dk\/wp-json\/wp\/v2\/pages\/38\/revisions"}],"predecessor-version":[{"id":798,"href":"https:\/\/www.tama-scandinavia.se\/dk\/wp-json\/wp\/v2\/pages\/38\/revisions\/798"}],"wp:featuredmedia":[{"embeddable":true,"href":"https:\/\/www.tama-scandinavia.se\/dk\/wp-json\/wp\/v2\/media\/815"}],"wp:attachment":[{"href":"https:\/\/www.tama-scandinavia.se\/dk\/wp-json\/wp\/v2\/media?parent=38"}],"curies":[{"name":"wp","href":"https:\/\/api.w.org\/{rel}","templated":true}]}}