{"id":143,"date":"2013-12-08T11:31:01","date_gmt":"2013-12-08T11:31:01","guid":{"rendered":"http:\/\/www.tama-scandinavia.se\/fi\/?page_id=143"},"modified":"2020-06-17T11:14:11","modified_gmt":"2020-06-17T11:14:11","slug":"yritys","status":"publish","type":"page","link":"https:\/\/www.tama-scandinavia.se\/fi\/yritys\/","title":{"rendered":"Yritys"},"content":{"rendered":"<p>Tama tarjoaa asiakkailleen laajan valikoiman huippulaatuisia paalaustuotteita. Yrityksen t\u00e4rkein tavoite on tuoda vahvan j\u00e4lleenmyyntiverkoston kautta yritt\u00e4jien ja maanviljelij\u00f6iden saataville paalaustuotteita, jotka soveltuvat parhaiten juuri heid\u00e4n tarpeisiinsa. Yritys tukee ja palvelee aidosti asiakkaitaan.<\/p>\n<p>Taman ainutlaatuisissa tuotteissa yhdistyv\u00e4t pitk\u00e4 tuotekehitys, korkealaatuiset raaka-aineet ja kustannustehokkuus. Sen tunnetuimmat tavaramerkit ovat TamaNet Edge to Edge<sup>\u00ae<\/sup>, Pro-Tec, Tama Marathon ja TamaTwine<sup>\u2122<\/sup>.<\/p>\n<p>Ota yhteytt\u00e4, kerromme mielell\u00e4mme lis\u00e4tietoa toiminnastamme.<\/p>\n","protected":false},"excerpt":{"rendered":"<p>Tama tarjoaa asiakkailleen laajan valikoiman huippulaatuisia paalaustuotteita. Yrityksen t\u00e4rkein tavoite on tuoda vahvan j\u00e4lleenmyyntiverkoston kautta yritt\u00e4jien ja maanviljelij\u00f6iden saataville paalaustuotteita,&hellip; <a href=\"https:\/\/www.tama-scandinavia.se\/fi\/yritys\/\" class=\"readMore\" title=\"Yritys\">Lue lis\u00e4\u00e4<\/a><\/p>\n","protected":false},"author":3,"featured_media":753,"parent":0,"menu_order":0,"comment_status":"open","ping_status":"open","template":"page-Corporate.php","meta":{"footnotes":""},"class_list":["post-143","page","type-page","status-publish","has-post-thumbnail","hentry"],"aioseo_notices":[],"_links":{"self":[{"href":"https:\/\/www.tama-scandinavia.se\/fi\/wp-json\/wp\/v2\/pages\/143","targetHints":{"allow":["GET"]}}],"collection":[{"href":"https:\/\/www.tama-scandinavia.se\/fi\/wp-json\/wp\/v2\/pages"}],"about":[{"href":"https:\/\/www.tama-scandinavia.se\/fi\/wp-json\/wp\/v2\/types\/page"}],"author":[{"embeddable":true,"href":"https:\/\/www.tama-scandinavia.se\/fi\/wp-json\/wp\/v2\/users\/3"}],"replies":[{"embeddable":true,"href":"https:\/\/www.tama-scandinavia.se\/fi\/wp-json\/wp\/v2\/comments?post=143"}],"version-history":[{"count":7,"href":"https:\/\/www.tama-scandinavia.se\/fi\/wp-json\/wp\/v2\/pages\/143\/revisions"}],"predecessor-version":[{"id":1216,"href":"https:\/\/www.tama-scandinavia.se\/fi\/wp-json\/wp\/v2\/pages\/143\/revisions\/1216"}],"wp:featuredmedia":[{"embeddable":true,"href":"https:\/\/www.tama-scandinavia.se\/fi\/wp-json\/wp\/v2\/media\/753"}],"wp:attachment":[{"href":"https:\/\/www.tama-scandinavia.se\/fi\/wp-json\/wp\/v2\/media?parent=143"}],"curies":[{"name":"wp","href":"https:\/\/api.w.org\/{rel}","templated":true}]}}