{"id":215,"date":"2013-12-08T14:47:15","date_gmt":"2013-12-08T14:47:15","guid":{"rendered":"http:\/\/www.tama-scandinavia.se\/fi\/?page_id=215"},"modified":"2020-06-08T06:13:56","modified_gmt":"2020-06-08T06:13:56","slug":"yleiskatsaus","status":"publish","type":"page","link":"https:\/\/www.tama-scandinavia.se\/fi\/yleiskatsaus\/","title":{"rendered":"Yleiskatsaus"},"content":{"rendered":"<p>Tama perustettiin Kibbuts Mishmar Ha\u2019Emekin ja Kibbutz Gal\u2019edin toimesta yli 70 vuotta sitten. Siit\u00e4 l\u00e4htien Tama on kasvanut ja kehittynyt, ja pysynyt silti koko ajan l\u00e4hell\u00e4 alkuper\u00e4isi\u00e4 maatalousjuuriaan.<br \/>\nModernit ja elinvoimaiset maanviljelyk\u00e4yt\u00e4nn\u00f6t, edistynyt teknologia ja vahvat perinteiset arvot ovat kasvattaneet Tamasta maineikkaan yrityksen. Se ty\u00f6llist\u00e4\u00e4 nyky\u00e4\u00e4n yli 1700 ihmist\u00e4 ymp\u00e4ri maailman.<\/p>\n","protected":false},"excerpt":{"rendered":"<p>Tama perustettiin Kibbuts Mishmar Ha\u2019Emekin ja Kibbutz Gal\u2019edin toimesta yli 70 vuotta sitten. Siit\u00e4 l\u00e4htien Tama on kasvanut ja kehittynyt,&hellip; <a href=\"https:\/\/www.tama-scandinavia.se\/fi\/yleiskatsaus\/\" class=\"readMore\" title=\"Yleiskatsaus\">Lue lis\u00e4\u00e4<\/a><\/p>\n","protected":false},"author":3,"featured_media":216,"parent":0,"menu_order":0,"comment_status":"open","ping_status":"open","template":"","meta":{"footnotes":""},"class_list":["post-215","page","type-page","status-publish","has-post-thumbnail","hentry"],"aioseo_notices":[],"_links":{"self":[{"href":"https:\/\/www.tama-scandinavia.se\/fi\/wp-json\/wp\/v2\/pages\/215","targetHints":{"allow":["GET"]}}],"collection":[{"href":"https:\/\/www.tama-scandinavia.se\/fi\/wp-json\/wp\/v2\/pages"}],"about":[{"href":"https:\/\/www.tama-scandinavia.se\/fi\/wp-json\/wp\/v2\/types\/page"}],"author":[{"embeddable":true,"href":"https:\/\/www.tama-scandinavia.se\/fi\/wp-json\/wp\/v2\/users\/3"}],"replies":[{"embeddable":true,"href":"https:\/\/www.tama-scandinavia.se\/fi\/wp-json\/wp\/v2\/comments?post=215"}],"version-history":[{"count":4,"href":"https:\/\/www.tama-scandinavia.se\/fi\/wp-json\/wp\/v2\/pages\/215\/revisions"}],"predecessor-version":[{"id":1210,"href":"https:\/\/www.tama-scandinavia.se\/fi\/wp-json\/wp\/v2\/pages\/215\/revisions\/1210"}],"wp:featuredmedia":[{"embeddable":true,"href":"https:\/\/www.tama-scandinavia.se\/fi\/wp-json\/wp\/v2\/media\/216"}],"wp:attachment":[{"href":"https:\/\/www.tama-scandinavia.se\/fi\/wp-json\/wp\/v2\/media?parent=215"}],"curies":[{"name":"wp","href":"https:\/\/api.w.org\/{rel}","templated":true}]}}