{"id":234,"date":"2013-12-09T07:55:55","date_gmt":"2013-12-09T07:55:55","guid":{"rendered":"http:\/\/www.tama-scandinavia.se\/fi\/?page_id=234"},"modified":"2014-10-27T14:27:51","modified_gmt":"2014-10-27T14:27:51","slug":"maanviljely","status":"publish","type":"page","link":"https:\/\/www.tama-scandinavia.se\/fi\/maanviljely\/","title":{"rendered":"Maanviljely"},"content":{"rendered":"<p>Klikkaa t\u00e4st\u00e4 n\u00e4hd\u00e4ksesi tunnelmia el\u00e4m\u00e4st\u00e4 tilallamme.<\/p>\n","protected":false},"excerpt":{"rendered":"<p>Klikkaa t\u00e4st\u00e4 n\u00e4hd\u00e4ksesi tunnelmia el\u00e4m\u00e4st\u00e4 tilallamme.<\/p>\n","protected":false},"author":3,"featured_media":799,"parent":0,"menu_order":0,"comment_status":"open","ping_status":"open","template":"page-Activities.php","meta":{"footnotes":""},"class_list":["post-234","page","type-page","status-publish","has-post-thumbnail","hentry"],"aioseo_notices":[],"_links":{"self":[{"href":"https:\/\/www.tama-scandinavia.se\/fi\/wp-json\/wp\/v2\/pages\/234","targetHints":{"allow":["GET"]}}],"collection":[{"href":"https:\/\/www.tama-scandinavia.se\/fi\/wp-json\/wp\/v2\/pages"}],"about":[{"href":"https:\/\/www.tama-scandinavia.se\/fi\/wp-json\/wp\/v2\/types\/page"}],"author":[{"embeddable":true,"href":"https:\/\/www.tama-scandinavia.se\/fi\/wp-json\/wp\/v2\/users\/3"}],"replies":[{"embeddable":true,"href":"https:\/\/www.tama-scandinavia.se\/fi\/wp-json\/wp\/v2\/comments?post=234"}],"version-history":[{"count":3,"href":"https:\/\/www.tama-scandinavia.se\/fi\/wp-json\/wp\/v2\/pages\/234\/revisions"}],"predecessor-version":[{"id":798,"href":"https:\/\/www.tama-scandinavia.se\/fi\/wp-json\/wp\/v2\/pages\/234\/revisions\/798"}],"wp:featuredmedia":[{"embeddable":true,"href":"https:\/\/www.tama-scandinavia.se\/fi\/wp-json\/wp\/v2\/media\/799"}],"wp:attachment":[{"href":"https:\/\/www.tama-scandinavia.se\/fi\/wp-json\/wp\/v2\/media?parent=234"}],"curies":[{"name":"wp","href":"https:\/\/api.w.org\/{rel}","templated":true}]}}