{"id":38,"date":"2013-12-05T13:44:48","date_gmt":"2013-12-05T13:44:48","guid":{"rendered":"http:\/\/www.tama-scandinavia.se\/fi\/?page_id=38"},"modified":"2020-06-17T11:25:54","modified_gmt":"2020-06-17T11:25:54","slug":"oem-suhteet","status":"publish","type":"page","link":"https:\/\/www.tama-scandinavia.se\/fi\/oem-suhteet\/","title":{"rendered":"OEM-suhteet"},"content":{"rendered":"<p>Tamasta on vuosien saatossa muodostunut luonnollinen kumppani useimmille tunnetuille laitevalmistajille (OEM). Yhteisty\u00f6t\u00e4 tehd\u00e4\u00e4n koneiden ja pakkausten kehitysty\u00f6ss\u00e4, tuotetestauksessa sek\u00e4 tuotteidemme myynniss\u00e4. L\u00e4heiset suhteet laitevalmistajiin ovat opettaneet meille, miten voimme kehitt\u00e4\u00e4 ja valmistaa tuotteemme juuri loppuasiakkaita varten. Hyv\u00e4 esimerkki kumppanuudesta on eritt\u00e4in onnistunut 7-vuotinen yhteisty\u00f6 John Deeren kanssa, jonka lopputuloksena syntyi CoverEdge<sup>\u2122<\/sup> -paalain ja -paalusverkko.<\/p>\n","protected":false},"excerpt":{"rendered":"<p>Tamasta on vuosien saatossa muodostunut luonnollinen kumppani useimmille tunnetuille laitevalmistajille (OEM). Yhteisty\u00f6t\u00e4 tehd\u00e4\u00e4n koneiden ja pakkausten kehitysty\u00f6ss\u00e4, tuotetestauksessa sek\u00e4 tuotteidemme&hellip; <a href=\"https:\/\/www.tama-scandinavia.se\/fi\/oem-suhteet\/\" class=\"readMore\" title=\"OEM-suhteet\">Lue lis\u00e4\u00e4<\/a><\/p>\n","protected":false},"author":3,"featured_media":769,"parent":0,"menu_order":0,"comment_status":"open","ping_status":"open","template":"page-Oem.php","meta":{"footnotes":""},"class_list":["post-38","page","type-page","status-publish","has-post-thumbnail","hentry"],"aioseo_notices":[],"_links":{"self":[{"href":"https:\/\/www.tama-scandinavia.se\/fi\/wp-json\/wp\/v2\/pages\/38","targetHints":{"allow":["GET"]}}],"collection":[{"href":"https:\/\/www.tama-scandinavia.se\/fi\/wp-json\/wp\/v2\/pages"}],"about":[{"href":"https:\/\/www.tama-scandinavia.se\/fi\/wp-json\/wp\/v2\/types\/page"}],"author":[{"embeddable":true,"href":"https:\/\/www.tama-scandinavia.se\/fi\/wp-json\/wp\/v2\/users\/3"}],"replies":[{"embeddable":true,"href":"https:\/\/www.tama-scandinavia.se\/fi\/wp-json\/wp\/v2\/comments?post=38"}],"version-history":[{"count":7,"href":"https:\/\/www.tama-scandinavia.se\/fi\/wp-json\/wp\/v2\/pages\/38\/revisions"}],"predecessor-version":[{"id":1218,"href":"https:\/\/www.tama-scandinavia.se\/fi\/wp-json\/wp\/v2\/pages\/38\/revisions\/1218"}],"wp:featuredmedia":[{"embeddable":true,"href":"https:\/\/www.tama-scandinavia.se\/fi\/wp-json\/wp\/v2\/media\/769"}],"wp:attachment":[{"href":"https:\/\/www.tama-scandinavia.se\/fi\/wp-json\/wp\/v2\/media?parent=38"}],"curies":[{"name":"wp","href":"https:\/\/api.w.org\/{rel}","templated":true}]}}