{"id":143,"date":"2013-12-08T11:31:01","date_gmt":"2013-12-08T11:31:01","guid":{"rendered":"http:\/\/www.tama-scandinavia.se\/no\/?page_id=143"},"modified":"2021-08-02T11:01:41","modified_gmt":"2021-08-02T11:01:41","slug":"selskapet","status":"publish","type":"page","link":"https:\/\/www.tama-scandinavia.se\/no\/selskapet\/","title":{"rendered":"Selskapet"},"content":{"rendered":"<p>Selskapet tilbyr sine kunder et bredt utvalg av ballepresseprodukter i f\u00f8rsteklasses kvalitet. Det hovedsakelige m\u00e5let er \u00e5, gjennom et sterkt forhandlernett, gi entrepren\u00f8rer og landbrukere ballepresseprodukter som passer perfekt til deres behov. Selskapet fokuserer ogs\u00e5 p\u00e5 \u00e5 gi topp service og support. Tamas unike produkter er en kombinasjon av omfattende produktutvikling, r\u00e5materialer av h\u00f8yeste kvalitet og kostnadseffektivitet.<br \/>\nDe mest kjente varemerkene fra Tama er TamaNet Edge to Edge<sup>\u00ae<\/sup>, Pro-Tec, Tama Marathon og Tama Twine.<\/p>\n<p>Ta gjerne kontakt med oss for ytterligere informasjon.<\/p>\n","protected":false},"excerpt":{"rendered":"<p>Selskapet tilbyr sine kunder et bredt utvalg av ballepresseprodukter i f\u00f8rsteklasses kvalitet. Det hovedsakelige m\u00e5let er \u00e5, gjennom et sterkt&hellip; <a href=\"https:\/\/www.tama-scandinavia.se\/no\/selskapet\/\" class=\"readMore\" title=\"Selskapet\">Les mer<\/a><\/p>\n","protected":false},"author":3,"featured_media":753,"parent":0,"menu_order":0,"comment_status":"open","ping_status":"open","template":"page-Corporate.php","meta":{"footnotes":""},"class_list":["post-143","page","type-page","status-publish","has-post-thumbnail","hentry"],"aioseo_notices":[],"_links":{"self":[{"href":"https:\/\/www.tama-scandinavia.se\/no\/wp-json\/wp\/v2\/pages\/143","targetHints":{"allow":["GET"]}}],"collection":[{"href":"https:\/\/www.tama-scandinavia.se\/no\/wp-json\/wp\/v2\/pages"}],"about":[{"href":"https:\/\/www.tama-scandinavia.se\/no\/wp-json\/wp\/v2\/types\/page"}],"author":[{"embeddable":true,"href":"https:\/\/www.tama-scandinavia.se\/no\/wp-json\/wp\/v2\/users\/3"}],"replies":[{"embeddable":true,"href":"https:\/\/www.tama-scandinavia.se\/no\/wp-json\/wp\/v2\/comments?post=143"}],"version-history":[{"count":5,"href":"https:\/\/www.tama-scandinavia.se\/no\/wp-json\/wp\/v2\/pages\/143\/revisions"}],"predecessor-version":[{"id":1251,"href":"https:\/\/www.tama-scandinavia.se\/no\/wp-json\/wp\/v2\/pages\/143\/revisions\/1251"}],"wp:featuredmedia":[{"embeddable":true,"href":"https:\/\/www.tama-scandinavia.se\/no\/wp-json\/wp\/v2\/media\/753"}],"wp:attachment":[{"href":"https:\/\/www.tama-scandinavia.se\/no\/wp-json\/wp\/v2\/media?parent=143"}],"curies":[{"name":"wp","href":"https:\/\/api.w.org\/{rel}","templated":true}]}}