{"id":164,"date":"2013-12-08T12:03:49","date_gmt":"2013-12-08T12:03:49","guid":{"rendered":"http:\/\/www.tama-scandinavia.se\/no\/?page_id=164"},"modified":"2014-11-16T14:34:58","modified_gmt":"2014-11-16T14:34:58","slug":"forskning-og-utvikling","status":"publish","type":"page","link":"https:\/\/www.tama-scandinavia.se\/no\/forskning-og-utvikling\/","title":{"rendered":"Forskning og utvikling"},"content":{"rendered":"<p>Tama gj\u00f8r kontinuerlig en omfattende innsats for \u00e5 fornye og forbedre v\u00e5re produkter og produksjonsmetoder, slik at jordbrukere og entrepren\u00f8rer har nytte og glede av produkter som oppfyller behovene deres. Alle produktene v\u00e5re er utviklet og testet p\u00e5 v\u00e5re egne jorder. P\u00e5 den m\u00e5ten kan vi identifisere og forst\u00e5 problemer som kundene v\u00e5re takler hver dag. Den omfattende erfaringen gjennom samarbeidet mellom forsknings- og utviklingsavdelingen og personalet p\u00e5 g\u00e5rden, gir Tama en unik posisjon i forhold til konkurrerende produsenter. Alt dette tjener form\u00e5let \u00e5 levere perfekte produkter og l\u00f8sninger til brukeren.<\/p>\n","protected":false},"excerpt":{"rendered":"<p>Tama gj\u00f8r kontinuerlig en omfattende innsats for \u00e5 fornye og forbedre v\u00e5re produkter og produksjonsmetoder, slik at jordbrukere og entrepren\u00f8rer&hellip; <a href=\"https:\/\/www.tama-scandinavia.se\/no\/forskning-og-utvikling\/\" class=\"readMore\" title=\"Forskning og utvikling\">Les mer<\/a><\/p>\n","protected":false},"author":3,"featured_media":783,"parent":0,"menu_order":0,"comment_status":"open","ping_status":"open","template":"","meta":{"footnotes":""},"class_list":["post-164","page","type-page","status-publish","has-post-thumbnail","hentry"],"aioseo_notices":[],"_links":{"self":[{"href":"https:\/\/www.tama-scandinavia.se\/no\/wp-json\/wp\/v2\/pages\/164","targetHints":{"allow":["GET"]}}],"collection":[{"href":"https:\/\/www.tama-scandinavia.se\/no\/wp-json\/wp\/v2\/pages"}],"about":[{"href":"https:\/\/www.tama-scandinavia.se\/no\/wp-json\/wp\/v2\/types\/page"}],"author":[{"embeddable":true,"href":"https:\/\/www.tama-scandinavia.se\/no\/wp-json\/wp\/v2\/users\/3"}],"replies":[{"embeddable":true,"href":"https:\/\/www.tama-scandinavia.se\/no\/wp-json\/wp\/v2\/comments?post=164"}],"version-history":[{"count":3,"href":"https:\/\/www.tama-scandinavia.se\/no\/wp-json\/wp\/v2\/pages\/164\/revisions"}],"predecessor-version":[{"id":782,"href":"https:\/\/www.tama-scandinavia.se\/no\/wp-json\/wp\/v2\/pages\/164\/revisions\/782"}],"wp:featuredmedia":[{"embeddable":true,"href":"https:\/\/www.tama-scandinavia.se\/no\/wp-json\/wp\/v2\/media\/783"}],"wp:attachment":[{"href":"https:\/\/www.tama-scandinavia.se\/no\/wp-json\/wp\/v2\/media?parent=164"}],"curies":[{"name":"wp","href":"https:\/\/api.w.org\/{rel}","templated":true}]}}