{"id":220,"date":"2013-12-08T14:55:05","date_gmt":"2013-12-08T14:55:05","guid":{"rendered":"http:\/\/www.tama-scandinavia.se\/no\/?page_id=220"},"modified":"2014-11-17T06:18:26","modified_gmt":"2014-11-17T06:18:26","slug":"tamas-rotter","status":"publish","type":"page","link":"https:\/\/www.tama-scandinavia.se\/no\/tamas-rotter\/","title":{"rendered":"Tamas r\u00f8tter"},"content":{"rendered":"<p>I over 90 \u00e5r har medlemmene i kibbutzen st\u00e5tt opp i gryningen for \u00e5 dyrke jorden. Denne bakgrunnen gj\u00f8r at Tama b\u00e5de tar del i og forst\u00e5r en jordbrukers livsstil. I dag driver kibbutzens tredje generasjon stolt grunnleggerens visjoner videre ved \u00e5 benytte den seneste jordbruksteknologien samtidig som de gamle verdiene ivaretas.<\/p>\n","protected":false},"excerpt":{"rendered":"<p>I over 90 \u00e5r har medlemmene i kibbutzen st\u00e5tt opp i gryningen for \u00e5 dyrke jorden. Denne bakgrunnen gj\u00f8r at&hellip; <a href=\"https:\/\/www.tama-scandinavia.se\/no\/tamas-rotter\/\" class=\"readMore\" title=\"Tamas r\u00f8tter\">Les mer<\/a><\/p>\n","protected":false},"author":3,"featured_media":219,"parent":0,"menu_order":0,"comment_status":"open","ping_status":"open","template":"page-ourRoots.php","meta":{"footnotes":""},"class_list":["post-220","page","type-page","status-publish","has-post-thumbnail","hentry"],"aioseo_notices":[],"_links":{"self":[{"href":"https:\/\/www.tama-scandinavia.se\/no\/wp-json\/wp\/v2\/pages\/220","targetHints":{"allow":["GET"]}}],"collection":[{"href":"https:\/\/www.tama-scandinavia.se\/no\/wp-json\/wp\/v2\/pages"}],"about":[{"href":"https:\/\/www.tama-scandinavia.se\/no\/wp-json\/wp\/v2\/types\/page"}],"author":[{"embeddable":true,"href":"https:\/\/www.tama-scandinavia.se\/no\/wp-json\/wp\/v2\/users\/3"}],"replies":[{"embeddable":true,"href":"https:\/\/www.tama-scandinavia.se\/no\/wp-json\/wp\/v2\/comments?post=220"}],"version-history":[{"count":3,"href":"https:\/\/www.tama-scandinavia.se\/no\/wp-json\/wp\/v2\/pages\/220\/revisions"}],"predecessor-version":[{"id":793,"href":"https:\/\/www.tama-scandinavia.se\/no\/wp-json\/wp\/v2\/pages\/220\/revisions\/793"}],"wp:featuredmedia":[{"embeddable":true,"href":"https:\/\/www.tama-scandinavia.se\/no\/wp-json\/wp\/v2\/media\/219"}],"wp:attachment":[{"href":"https:\/\/www.tama-scandinavia.se\/no\/wp-json\/wp\/v2\/media?parent=220"}],"curies":[{"name":"wp","href":"https:\/\/api.w.org\/{rel}","templated":true}]}}