{"id":234,"date":"2013-12-09T07:55:55","date_gmt":"2013-12-09T07:55:55","guid":{"rendered":"http:\/\/www.tama-scandinavia.se\/no\/?page_id=234"},"modified":"2014-11-16T14:47:01","modified_gmt":"2014-11-16T14:47:01","slug":"jordbruk","status":"publish","type":"page","link":"https:\/\/www.tama-scandinavia.se\/no\/jordbruk\/","title":{"rendered":"Jordbruk"},"content":{"rendered":"<p>For \u00e5 f\u00e5 et innblikk i livet p\u00e5 g\u00e5rden v\u00e5r, klikk p\u00e5 bildene.<\/p>\n","protected":false},"excerpt":{"rendered":"<p>For \u00e5 f\u00e5 et innblikk i livet p\u00e5 g\u00e5rden v\u00e5r, klikk p\u00e5 bildene.<\/p>\n","protected":false},"author":3,"featured_media":784,"parent":0,"menu_order":0,"comment_status":"open","ping_status":"open","template":"page-Activities.php","meta":{"footnotes":""},"class_list":["post-234","page","type-page","status-publish","has-post-thumbnail","hentry"],"aioseo_notices":[],"_links":{"self":[{"href":"https:\/\/www.tama-scandinavia.se\/no\/wp-json\/wp\/v2\/pages\/234","targetHints":{"allow":["GET"]}}],"collection":[{"href":"https:\/\/www.tama-scandinavia.se\/no\/wp-json\/wp\/v2\/pages"}],"about":[{"href":"https:\/\/www.tama-scandinavia.se\/no\/wp-json\/wp\/v2\/types\/page"}],"author":[{"embeddable":true,"href":"https:\/\/www.tama-scandinavia.se\/no\/wp-json\/wp\/v2\/users\/3"}],"replies":[{"embeddable":true,"href":"https:\/\/www.tama-scandinavia.se\/no\/wp-json\/wp\/v2\/comments?post=234"}],"version-history":[{"count":3,"href":"https:\/\/www.tama-scandinavia.se\/no\/wp-json\/wp\/v2\/pages\/234\/revisions"}],"predecessor-version":[{"id":786,"href":"https:\/\/www.tama-scandinavia.se\/no\/wp-json\/wp\/v2\/pages\/234\/revisions\/786"}],"wp:featuredmedia":[{"embeddable":true,"href":"https:\/\/www.tama-scandinavia.se\/no\/wp-json\/wp\/v2\/media\/784"}],"wp:attachment":[{"href":"https:\/\/www.tama-scandinavia.se\/no\/wp-json\/wp\/v2\/media?parent=234"}],"curies":[{"name":"wp","href":"https:\/\/api.w.org\/{rel}","templated":true}]}}