{"id":38,"date":"2013-12-05T13:44:48","date_gmt":"2013-12-05T13:44:48","guid":{"rendered":"http:\/\/www.tama-scandinavia.se\/no\/?page_id=38"},"modified":"2021-08-09T12:42:34","modified_gmt":"2021-08-09T12:42:34","slug":"oem-relasjoner","status":"publish","type":"page","link":"https:\/\/www.tama-scandinavia.se\/no\/oem-relasjoner\/","title":{"rendered":"OEM-relasjoner"},"content":{"rendered":"<p>I \u00e5renes l\u00f8p har Tama blitt den naturlige partneren for de fleste produsenter av originalutstyr (OEM = Original Equipment Manufacturers). Samarbeidet gjenspeiler seg i utviklingen av maskiner og forpakninger, produktgodkjenninger og salg av v\u00e5re produkter. Disse n\u00e6re relasjonene har l\u00e6rt oss p\u00e5 Tama \u00e5 tilpasse produktene optimalt etter v\u00e5re kunders behov.<br \/>\nEt godt eksempel p\u00e5 dette er det sv\u00e6rt fremgangsrike samarbeidet med John Deere gjennom sju \u00e5r, som har f\u00f8rt til introduksjonen av ballepressen og rundballenettet CoverEdge<sup>\u2122<\/sup>.<\/p>\n","protected":false},"excerpt":{"rendered":"<p>I \u00e5renes l\u00f8p har Tama blitt den naturlige partneren for de fleste produsenter av originalutstyr (OEM = Original Equipment Manufacturers).&hellip; <a href=\"https:\/\/www.tama-scandinavia.se\/no\/oem-relasjoner\/\" class=\"readMore\" title=\"OEM-relasjoner\">Les mer<\/a><\/p>\n","protected":false},"author":3,"featured_media":774,"parent":0,"menu_order":0,"comment_status":"open","ping_status":"open","template":"page-Oem.php","meta":{"footnotes":""},"class_list":["post-38","page","type-page","status-publish","has-post-thumbnail","hentry"],"aioseo_notices":[],"_links":{"self":[{"href":"https:\/\/www.tama-scandinavia.se\/no\/wp-json\/wp\/v2\/pages\/38","targetHints":{"allow":["GET"]}}],"collection":[{"href":"https:\/\/www.tama-scandinavia.se\/no\/wp-json\/wp\/v2\/pages"}],"about":[{"href":"https:\/\/www.tama-scandinavia.se\/no\/wp-json\/wp\/v2\/types\/page"}],"author":[{"embeddable":true,"href":"https:\/\/www.tama-scandinavia.se\/no\/wp-json\/wp\/v2\/users\/3"}],"replies":[{"embeddable":true,"href":"https:\/\/www.tama-scandinavia.se\/no\/wp-json\/wp\/v2\/comments?post=38"}],"version-history":[{"count":4,"href":"https:\/\/www.tama-scandinavia.se\/no\/wp-json\/wp\/v2\/pages\/38\/revisions"}],"predecessor-version":[{"id":1254,"href":"https:\/\/www.tama-scandinavia.se\/no\/wp-json\/wp\/v2\/pages\/38\/revisions\/1254"}],"wp:featuredmedia":[{"embeddable":true,"href":"https:\/\/www.tama-scandinavia.se\/no\/wp-json\/wp\/v2\/media\/774"}],"wp:attachment":[{"href":"https:\/\/www.tama-scandinavia.se\/no\/wp-json\/wp\/v2\/media?parent=38"}],"curies":[{"name":"wp","href":"https:\/\/api.w.org\/{rel}","templated":true}]}}