{"id":71,"date":"2013-12-05T14:40:05","date_gmt":"2013-12-05T14:40:05","guid":{"rendered":"http:\/\/www.tama-scandinavia.se\/no\/?page_id=71"},"modified":"2014-11-16T13:59:35","modified_gmt":"2014-11-16T13:59:35","slug":"global-markedsforing","status":"publish","type":"page","link":"https:\/\/www.tama-scandinavia.se\/no\/global-markedsforing\/","title":{"rendered":"Global markedsf\u00f8ring"},"content":{"rendered":"<p><strong>Vi gir god service til alle<\/strong><br \/>\nTama har salgs- og markedsf\u00f8ringsselskap i alle de viktigste markedene og kan derfor holde en tett kommunikasjon med kundene sine, og p\u00e5 den m\u00e5ten s\u00f8rge for at deres behov m\u00f8tes. Siden vi selv er jordbrukere s\u00e5 vet vi at relasjoner til \u00e5 stole p\u00e5 er en viktig del av et fremgangsrikt jordbruksarbeid. V\u00e5rt engasjement mot v\u00e5re forhandlere inkluderer b\u00e5de profesjonell salgsoppl\u00e6ring, teknisk utdanning og service ute i feltet. Tamas globalt beliggende fabrikker muliggj\u00f8r et sterkt n\u00e6rv\u00e6r p\u00e5 utvalgte markeder.<\/p>\n","protected":false},"excerpt":{"rendered":"<p>Vi gir god service til alle Tama har salgs- og markedsf\u00f8ringsselskap i alle de viktigste markedene og kan derfor holde&hellip; <a href=\"https:\/\/www.tama-scandinavia.se\/no\/global-markedsforing\/\" class=\"readMore\" title=\"Global markedsf\u00f8ring\">Les mer<\/a><\/p>\n","protected":false},"author":3,"featured_media":100,"parent":0,"menu_order":0,"comment_status":"open","ping_status":"open","template":"page-company.php","meta":{"footnotes":""},"class_list":["post-71","page","type-page","status-publish","has-post-thumbnail","hentry"],"aioseo_notices":[],"_links":{"self":[{"href":"https:\/\/www.tama-scandinavia.se\/no\/wp-json\/wp\/v2\/pages\/71","targetHints":{"allow":["GET"]}}],"collection":[{"href":"https:\/\/www.tama-scandinavia.se\/no\/wp-json\/wp\/v2\/pages"}],"about":[{"href":"https:\/\/www.tama-scandinavia.se\/no\/wp-json\/wp\/v2\/types\/page"}],"author":[{"embeddable":true,"href":"https:\/\/www.tama-scandinavia.se\/no\/wp-json\/wp\/v2\/users\/3"}],"replies":[{"embeddable":true,"href":"https:\/\/www.tama-scandinavia.se\/no\/wp-json\/wp\/v2\/comments?post=71"}],"version-history":[{"count":3,"href":"https:\/\/www.tama-scandinavia.se\/no\/wp-json\/wp\/v2\/pages\/71\/revisions"}],"predecessor-version":[{"id":773,"href":"https:\/\/www.tama-scandinavia.se\/no\/wp-json\/wp\/v2\/pages\/71\/revisions\/773"}],"wp:featuredmedia":[{"embeddable":true,"href":"https:\/\/www.tama-scandinavia.se\/no\/wp-json\/wp\/v2\/media\/100"}],"wp:attachment":[{"href":"https:\/\/www.tama-scandinavia.se\/no\/wp-json\/wp\/v2\/media?parent=71"}],"curies":[{"name":"wp","href":"https:\/\/api.w.org\/{rel}","templated":true}]}}